{"id":2090,"date":"2015-06-06T18:17:58","date_gmt":"2015-06-06T18:17:58","guid":{"rendered":"http:\/\/www.santalabs.ninja\/?page_id=2090"},"modified":"2015-06-06T18:17:58","modified_gmt":"2015-06-06T18:17:58","slug":"corpo-tecnico","status":"publish","type":"page","link":"https:\/\/www.enfis.pt\/escoladenatacaovp\/corpo-tecnico\/","title":{"rendered":"Corpo T\u00e9cnico"},"content":{"rendered":"<div class=\"lc\">\n<p>O <strong>Lorem Ipsum<\/strong> \u00e9 um texto modelo da ind\u00fastria tipogr\u00e1fica e de impress\u00e3o. O Lorem Ipsum tem vindo a ser o texto padr\u00e3o usado por estas ind\u00fastrias desde o ano de 1500, quando uma misturou os caracteres de um texto para criar um esp\u00e9cime de livro. Este texto n\u00e3o s\u00f3 sobreviveu 5 s\u00e9culos, mas tamb\u00e9m o salto para a tipografia electr\u00f3nica, mantendo-se essencialmente inalterada. Foi popularizada nos anos 60 com a disponibiliza\u00e7\u00e3o das folhas de Letraset, que continham passagens com Lorem Ipsum, e mais recentemente com os programas de publica\u00e7\u00e3o como o Aldus PageMaker que incluem vers\u00f5es do Lorem Ipsum.<\/p>\n<\/div>\n<div class=\"rc\">\n<p>\u00c9 um facto estabelecido de que um leitor \u00e9 distra\u00eddo pelo conte\u00fado leg\u00edvel de uma p\u00e1gina quando analisa a sua mancha gr\u00e1fica. Logo, o uso de Lorem Ipsum leva a uma distribui\u00e7\u00e3o mais ou menos normal de letras, ao contr\u00e1rio do uso de &#8220;Conte\u00fado aqui, conte\u00fado aqui&#8221;, tornando-o texto leg\u00edvel. Muitas ferramentas de publica\u00e7\u00e3o electr\u00f3nica e editores de p\u00e1ginas web usam actualmente o Lorem Ipsum como o modelo de texto usado por omiss\u00e3o, e uma pesquisa por &#8220;lorem ipsum&#8221; ir\u00e1 encontrar muitos websites ainda na sua inf\u00e2ncia. V\u00e1rias vers\u00f5es t\u00eam evolu\u00eddo ao longo dos anos, por vezes por acidente, por vezes propositadamente (como no caso do humor).<\/p>\n<\/div>\n","protected":false},"excerpt":{"rendered":"<p>O Lorem Ipsum \u00e9 um texto modelo da ind\u00fastria tipogr\u00e1fica e de impress\u00e3o. O Lorem Ipsum tem vindo a ser o texto padr\u00e3o usado por estas ind\u00fastrias desde o ano de 1500, quando uma misturou os caracteres de um texto para criar um esp\u00e9cime de livro. Este texto n\u00e3o s\u00f3 sobreviveu 5 s\u00e9culos, mas tamb\u00e9m [&hellip;]<\/p>\n","protected":false},"author":1,"featured_media":0,"parent":0,"menu_order":0,"comment_status":"closed","ping_status":"closed","template":"page-equipa.php","meta":{"footnotes":""},"class_list":["post-2090","page","type-page","status-publish","hentry"],"_links":{"self":[{"href":"https:\/\/www.enfis.pt\/escoladenatacaovp\/wp-json\/wp\/v2\/pages\/2090","targetHints":{"allow":["GET"]}}],"collection":[{"href":"https:\/\/www.enfis.pt\/escoladenatacaovp\/wp-json\/wp\/v2\/pages"}],"about":[{"href":"https:\/\/www.enfis.pt\/escoladenatacaovp\/wp-json\/wp\/v2\/types\/page"}],"author":[{"embeddable":true,"href":"https:\/\/www.enfis.pt\/escoladenatacaovp\/wp-json\/wp\/v2\/users\/1"}],"replies":[{"embeddable":true,"href":"https:\/\/www.enfis.pt\/escoladenatacaovp\/wp-json\/wp\/v2\/comments?post=2090"}],"version-history":[{"count":0,"href":"https:\/\/www.enfis.pt\/escoladenatacaovp\/wp-json\/wp\/v2\/pages\/2090\/revisions"}],"wp:attachment":[{"href":"https:\/\/www.enfis.pt\/escoladenatacaovp\/wp-json\/wp\/v2\/media?parent=2090"}],"curies":[{"name":"wp","href":"https:\/\/api.w.org\/{rel}","templated":true}]}}