{"id":2093,"date":"2015-06-06T18:18:14","date_gmt":"2015-06-06T18:18:14","guid":{"rendered":"http:\/\/www.santalabs.ninja\/?page_id=2093"},"modified":"2015-06-06T18:18:14","modified_gmt":"2015-06-06T18:18:14","slug":"conceito","status":"publish","type":"page","link":"https:\/\/www.enfis.pt\/escoladenatacaovp\/conceito\/","title":{"rendered":"Conceito"},"content":{"rendered":"<p>\t\t\t\tA Escola de Nata\u00e7\u00e3o Valle dos Principes tem como principais objetivos o ensino da nata\u00e7\u00e3o, a promo\u00e7\u00e3o da atividade f\u00edsica e o desenvolvimento geral dos nossos alunos, quer a n\u00edvel desportivo, quer a n\u00edvel s\u00f3cio-afetivo, promovendo assim tamb\u00e9m h\u00e1bitos saud\u00e1veis e pratica de uma atividade fisica regular.<\/p>\n<p>As aulas e atividades da Escola de Nata\u00e7\u00e3o s\u00e3o dirigidas a todas as faixas et\u00e1rias, desde a AMA para beb\u00e9s a partir dos 6 meses, adapta\u00e7\u00e3o ao meio aqu\u00e1tico, aprendizagem e aperfei\u00e7oamento das t\u00e9cnicas de nado, contemplando todos os estilos da modalidade.<\/p>\n<p>A nossa escola assenta principalmente nos seguintes valores: qualidade, inova\u00e7\u00e3o, dinamismo, responsabilidade, seguran\u00e7a, ensino dirigido e semi-personalizado e acima de tudo profissionalismo.\t\t<\/p>\n","protected":false},"excerpt":{"rendered":"<p>A Escola de Nata\u00e7\u00e3o Valle dos Principes tem como principais objetivos o ensino da nata\u00e7\u00e3o, a promo\u00e7\u00e3o da atividade f\u00edsica e o desenvolvimento geral dos nossos alunos, quer a n\u00edvel desportivo, quer a n\u00edvel s\u00f3cio-afetivo, promovendo assim tamb\u00e9m h\u00e1bitos saud\u00e1veis e pratica de uma atividade fisica regular. As aulas e atividades da Escola de Nata\u00e7\u00e3o [&hellip;]<\/p>\n","protected":false},"author":1,"featured_media":0,"parent":0,"menu_order":0,"comment_status":"closed","ping_status":"closed","template":"page-conceito.php","meta":{"footnotes":""},"class_list":["post-2093","page","type-page","status-publish","hentry"],"_links":{"self":[{"href":"https:\/\/www.enfis.pt\/escoladenatacaovp\/wp-json\/wp\/v2\/pages\/2093","targetHints":{"allow":["GET"]}}],"collection":[{"href":"https:\/\/www.enfis.pt\/escoladenatacaovp\/wp-json\/wp\/v2\/pages"}],"about":[{"href":"https:\/\/www.enfis.pt\/escoladenatacaovp\/wp-json\/wp\/v2\/types\/page"}],"author":[{"embeddable":true,"href":"https:\/\/www.enfis.pt\/escoladenatacaovp\/wp-json\/wp\/v2\/users\/1"}],"replies":[{"embeddable":true,"href":"https:\/\/www.enfis.pt\/escoladenatacaovp\/wp-json\/wp\/v2\/comments?post=2093"}],"version-history":[{"count":0,"href":"https:\/\/www.enfis.pt\/escoladenatacaovp\/wp-json\/wp\/v2\/pages\/2093\/revisions"}],"wp:attachment":[{"href":"https:\/\/www.enfis.pt\/escoladenatacaovp\/wp-json\/wp\/v2\/media?parent=2093"}],"curies":[{"name":"wp","href":"https:\/\/api.w.org\/{rel}","templated":true}]}}