{"id":2097,"date":"2015-06-06T18:18:53","date_gmt":"2015-06-06T18:18:53","guid":{"rendered":"http:\/\/www.santalabs.ninja\/?page_id=2097"},"modified":"2015-06-06T18:18:53","modified_gmt":"2015-06-06T18:18:53","slug":"turmas","status":"publish","type":"page","link":"https:\/\/www.enfis.pt\/escoladenatacaovp\/turmas\/","title":{"rendered":"Turmas"},"content":{"rendered":"<p>\t\t\t\tAma Beb\u00e9s<br \/>\n3 anos<br \/>\n4-5 anos<br \/>\n6-9 anos<br \/>\n10-14 anos<\/p>\n<p>*todos estes n\u00edveis et\u00e1rios s\u00e3o divididos por n\u00edveis de aprendizagem, os alunos s\u00e3o submetidos a uma avalia\u00e7\u00e3o inicial, por forma a colocar os mesmos nas turmas mais indicadas para o seu n\u00edvel de aprendizagem.\t\t<\/p>\n","protected":false},"excerpt":{"rendered":"<p>Ama Beb\u00e9s 3 anos 4-5 anos 6-9 anos 10-14 anos *todos estes n\u00edveis et\u00e1rios s\u00e3o divididos por n\u00edveis de aprendizagem, os alunos s\u00e3o submetidos a uma avalia\u00e7\u00e3o inicial, por forma a colocar os mesmos nas turmas mais indicadas para o seu n\u00edvel de aprendizagem.<\/p>\n","protected":false},"author":1,"featured_media":0,"parent":0,"menu_order":0,"comment_status":"closed","ping_status":"closed","template":"page-turmas.php","meta":{"footnotes":""},"class_list":["post-2097","page","type-page","status-publish","hentry"],"_links":{"self":[{"href":"https:\/\/www.enfis.pt\/escoladenatacaovp\/wp-json\/wp\/v2\/pages\/2097","targetHints":{"allow":["GET"]}}],"collection":[{"href":"https:\/\/www.enfis.pt\/escoladenatacaovp\/wp-json\/wp\/v2\/pages"}],"about":[{"href":"https:\/\/www.enfis.pt\/escoladenatacaovp\/wp-json\/wp\/v2\/types\/page"}],"author":[{"embeddable":true,"href":"https:\/\/www.enfis.pt\/escoladenatacaovp\/wp-json\/wp\/v2\/users\/1"}],"replies":[{"embeddable":true,"href":"https:\/\/www.enfis.pt\/escoladenatacaovp\/wp-json\/wp\/v2\/comments?post=2097"}],"version-history":[{"count":0,"href":"https:\/\/www.enfis.pt\/escoladenatacaovp\/wp-json\/wp\/v2\/pages\/2097\/revisions"}],"wp:attachment":[{"href":"https:\/\/www.enfis.pt\/escoladenatacaovp\/wp-json\/wp\/v2\/media?parent=2097"}],"curies":[{"name":"wp","href":"https:\/\/api.w.org\/{rel}","templated":true}]}}