{"id":2103,"date":"2015-06-06T18:20:31","date_gmt":"2015-06-06T18:20:31","guid":{"rendered":"http:\/\/www.santalabs.ninja\/?page_id=2103"},"modified":"2025-09-11T15:41:15","modified_gmt":"2025-09-11T15:41:15","slug":"precario","status":"publish","type":"page","link":"https:\/\/www.enfis.pt\/escoladenatacaovp\/precario\/","title":{"rendered":"Pre\u00e7\u00e1rio"},"content":{"rendered":"<p>Taxa de Inscri\u00e7\u00e3o: 24,00 \u20ac<br \/>\nSeguro: 30,00 \u20ac<\/p>\n<p><strong>Mensalidades<\/strong><\/p>\n<p>Alunos VP<br \/>\n_AMA: 43,00 \u20ac<br \/>\n_nata\u00e7\u00e3o:\u00a0 55,00 \u20ac<\/p>\n<p>Alunos externos:<br \/>\n_AMA:\u00a0 49,00 \u20ac<br \/>\n_Nata\u00e7\u00e3o:\u00a0 61,00 \u20ac<\/p>\n<p><strong>As mensalidades incluem:<\/strong><\/p>\n<p>_ acolhimento, acompanhamento, prepara\u00e7\u00e3o e banhos dos alunos, antes e no fim das aulas, por parte das colaboradoras da escola;<\/p>\n<p>_ lanche, no final das aulas<\/p>\n","protected":false},"excerpt":{"rendered":"<p>Taxa de Inscri\u00e7\u00e3o: 24,00 \u20ac Seguro: 30,00 \u20ac Mensalidades Alunos VP _AMA: 43,00 \u20ac _nata\u00e7\u00e3o:\u00a0 55,00 \u20ac Alunos externos: _AMA:\u00a0 49,00 \u20ac _Nata\u00e7\u00e3o:\u00a0 61,00 \u20ac As mensalidades incluem: _ acolhimento, acompanhamento, prepara\u00e7\u00e3o e banhos dos alunos, antes e no fim das aulas, por parte das colaboradoras da escola; _ lanche, no final das aulas<\/p>\n","protected":false},"author":1,"featured_media":0,"parent":0,"menu_order":0,"comment_status":"closed","ping_status":"closed","template":"page-precario.php","meta":{"footnotes":""},"class_list":["post-2103","page","type-page","status-publish","hentry"],"_links":{"self":[{"href":"https:\/\/www.enfis.pt\/escoladenatacaovp\/wp-json\/wp\/v2\/pages\/2103","targetHints":{"allow":["GET"]}}],"collection":[{"href":"https:\/\/www.enfis.pt\/escoladenatacaovp\/wp-json\/wp\/v2\/pages"}],"about":[{"href":"https:\/\/www.enfis.pt\/escoladenatacaovp\/wp-json\/wp\/v2\/types\/page"}],"author":[{"embeddable":true,"href":"https:\/\/www.enfis.pt\/escoladenatacaovp\/wp-json\/wp\/v2\/users\/1"}],"replies":[{"embeddable":true,"href":"https:\/\/www.enfis.pt\/escoladenatacaovp\/wp-json\/wp\/v2\/comments?post=2103"}],"version-history":[{"count":11,"href":"https:\/\/www.enfis.pt\/escoladenatacaovp\/wp-json\/wp\/v2\/pages\/2103\/revisions"}],"predecessor-version":[{"id":2205,"href":"https:\/\/www.enfis.pt\/escoladenatacaovp\/wp-json\/wp\/v2\/pages\/2103\/revisions\/2205"}],"wp:attachment":[{"href":"https:\/\/www.enfis.pt\/escoladenatacaovp\/wp-json\/wp\/v2\/media?parent=2103"}],"curies":[{"name":"wp","href":"https:\/\/api.w.org\/{rel}","templated":true}]}}