{"id":2418,"date":"2018-05-21T14:28:32","date_gmt":"2018-05-21T14:28:32","guid":{"rendered":"http:\/\/www.scapespa.pt\/?page_id=2418"},"modified":"2025-04-03T08:15:16","modified_gmt":"2025-04-03T08:15:16","slug":"politica-de-privacidade","status":"publish","type":"page","link":"https:\/\/www.enfis.pt\/scapespa\/politica-de-privacidade\/","title":{"rendered":"Politica de Privacidade"},"content":{"rendered":"<p>O respeito pela privacidade dos clientes \u00e9 uma prioridade da <em>Sweet Food &amp; Health, SA<\/em>, o qual se obriga a assumir o cumprimento das obriga\u00e7\u00f5es aplic\u00e1veis no \u00e2mbito do Regulamento Geral da Prote\u00e7\u00e3o de Dados.<\/p>\n<p>Nesta Pol\u00edtica de Privacidade explicamos quem somos, para que finalidades podemos usar os seus dados, como \u00e9 feito o tratamento, com quem os partilhamos, durante quanto tempo os conservamos, bem como as formas de entrar em contacto connosco e de exercer os seus direitos.<\/p>\n<p><strong>Quem Somos?<\/strong><\/p>\n<p>Os seus dados ser\u00e3o recolhidos e tratados nos escrit\u00f3rios da empresa <em>Sweet Food &amp; Health, SA<\/em>, na Av. Ant\u00f3nio dos Santos, n\u00ba 36, em Santar\u00e9m.<\/p>\n<p>A empresa<em> Sweet Food &amp; Health, SA<\/em> n\u00e3o comercializa dados pessoais de clientes ou utilizadores.<\/p>\n<p>Ao disponibilizar os seus dados pessoais \u00e0 empresa <em>Sweet Food &amp; Health, SA<\/em>, reconhece e consente que os mesmos sejam processados de acordo com a presente Pol\u00edtica de Privacidade, tendo lido e concordado com a mesma.<\/p>\n<p>Alguns dados pessoais s\u00e3o de fornecimento obrigat\u00f3rio. A disponibiliza\u00e7\u00e3o de dados incorretos ou inexatos \u00e9 da exclusiva responsabilidade do cliente titular os mesmos.<\/p>\n<p>Para as quest\u00f5es relacionadas com o tratamento dos seus dados pessoais dever\u00e1 contactar-nos atrav\u00e9s dos seguintes meios:<\/p>\n<p><strong>Telefone<\/strong>: 243 377\u00a0800<\/p>\n<p><strong>Morada<\/strong>: Av. Ant\u00f3nio dos Santos, n\u00ba36 \u2013 2000 \u2013 074 Santar\u00e9m<\/p>\n<p><strong>Email<\/strong>:\u00a0<a href=\"mailto:privacidade@enfis.pt\">privacidade@enfis.pt<\/a><\/p>\n<p><strong>Porque precisamos da sua informa\u00e7\u00e3o?<\/strong><\/p>\n<p>A <em>Sweet Food &amp; Health, SA<\/em> tratar\u00e1 os seus dados pessoais para as seguintes finalidades:<\/p>\n<ol>\n<li><strong>Gest\u00e3o de clientes<\/strong><\/li>\n<\/ol>\n<p>A<em> Sweet Food &amp; Health, SA<\/em> dedica-se a diversas atividades econ\u00f3micas, nomeadamente, gin\u00e1sios, spas e restaurantes. O tratamento dos seus dados \u00e9 necess\u00e1rio para o cumprimento de diversos contratos de fornecimento de bens\/produtos e presta\u00e7\u00e3o de servi\u00e7os a celebrar entre si e o a empresa, ou para a realiza\u00e7\u00e3o de dilig\u00eancias pr\u00e9-contratuais a seu pedido.<\/p>\n<p>Os seus dados ser\u00e3o conservados para esta finalidade durante o per\u00edodo de tr\u00eas anos, contados ap\u00f3s a \u00faltima transa\u00e7\u00e3o comercial.<\/p>\n<ol>\n<li><strong>Marketing<\/strong><\/li>\n<\/ol>\n<p>Os dados pessoais recolhidos s\u00e3o solicitados aquando da realiza\u00e7\u00e3o de uma compra\/ presta\u00e7\u00e3o de servi\u00e7os ou encomenda de produtos ou servi\u00e7os, num dos estabelecimentos do grupo ou nos nossos\u00a0<em>sites<\/em>.<\/p>\n<p>A <em>Sweet Food &amp; Health, SA<\/em> poder\u00e1 tratar os seus dados pessoais para as seguintes finalidades de comunica\u00e7\u00e3o:<\/p>\n<p>\u2013 Envio da informa\u00e7\u00e3o solicitada relativamente a produtos, servi\u00e7os e campanhas comerciais;<\/p>\n<p>\u2013 Iniciativas de marketing como: comunica\u00e7\u00e3o de campanhas, promo\u00e7\u00f5es, eventos, forma\u00e7\u00f5es e informa\u00e7\u00f5es relacionadas com o neg\u00f3cio e a rela\u00e7\u00e3o comercial que estabeleceu com a empresa;<\/p>\n<p>\u2013 Esclarecimento de quest\u00f5es, sugest\u00f5es, gest\u00e3o de reclama\u00e7\u00f5es e demais iniciativas de apoio ao cliente;<\/p>\n<p>O tratamento de dados ser\u00e1 realizado apenas com o seu consentimento, sendo prestado no momento da ades\u00e3o a qualquer um dos nossos servi\u00e7os. Caso consinta, receber\u00e1 comunica\u00e7\u00f5es de marketing atrav\u00e9s de e-mail e SMS. A <em>Sweet Food &amp; Health, SA<\/em> poder\u00e1 ainda partilhar os seus dados com terceiros que gerem redes sociais, como por exemplo o Facebook, para efeitos de realiza\u00e7\u00e3o de campanhas de marketing atrav\u00e9s das redes sociais.<\/p>\n<p>O consentimento para o tratamento de dados pessoais para efeitos de marketing pode ser revogado a qualquer altura pelo seu titular.<\/p>\n<p>Os dados pessoais recolhidos para esta finalidade ser\u00e3o conservados durante tr\u00eas anos de inatividade.<\/p>\n<ol>\n<li><strong>Videovigil\u00e2ncia das Instala\u00e7\u00f5es<\/strong><\/li>\n<\/ol>\n<p>As instala\u00e7\u00f5es da <em>Sweet Food &amp; Health, SA<\/em> disp\u00f5em de um sistema de videovigil\u00e2ncia, devidamente sinalizado, nos temos da legisla\u00e7\u00e3o em vigor de seguran\u00e7a privada, visando a prote\u00e7\u00e3o de pessoas e bens.<\/p>\n<p>As grava\u00e7\u00f5es de imagem obtidas pelos sistemas videovigil\u00e2ncia s\u00e3o conservadas, em registo codificado, pelo prazo de 30 dias contados desde a respetiva capta\u00e7\u00e3o, findo o qual s\u00e3o destru\u00eddas (sem preju\u00edzo da conserva\u00e7\u00e3o por per\u00edodo superior em caso de processo judicial).<\/p>\n<ol>\n<li><strong>Gest\u00e3o de passatempos<\/strong><\/li>\n<\/ol>\n<p>A <em>Sweet Food &amp; Health, SA<\/em> poder\u00e1 promover a realiza\u00e7\u00e3o de passatempos. O tratamento de dados pessoais \u00e9 efetuado com a finalidade de permitir a gest\u00e3o da participa\u00e7\u00e3o do cliente, ou seja, a execu\u00e7\u00e3o do contrato celebrado entre si e a <em>Sweet Food &amp; Health, SA<\/em> (cujas regras constam do regulamento aplic\u00e1vel a cada passatempo).<\/p>\n<p>Os seus dados ser\u00e3o apenas conservados para esta finalidade durante o per\u00edodo necess\u00e1rio \u00e0 gest\u00e3o do passatempo.<strong>\u00a0<\/strong><\/p>\n<p><strong>A minha informa\u00e7\u00e3o ser\u00e1 partilhada com outros?<\/strong><\/p>\n<p>A sua informa\u00e7\u00e3o pessoal pode ser divulgada a terceiros prestadores de servi\u00e7os da <em>Sweet Food &amp; Health, SA.<\/em><\/p>\n<p>Os seus dados pessoais poder\u00e3o ser tratados por empresas subcontratadas pela <em>Sweet Food &amp; Health, SA<\/em>, nomeadamente para o alojamento de p\u00e1gina web, correio eletr\u00f3nico, resposta a quest\u00f5es de utilizadores sobre os servi\u00e7os, envio de informa\u00e7\u00f5es sobre novos servi\u00e7os e produtos, ofertas especiais, ficando estas entidades obrigadas a guardar sigilo e a garantir a seguran\u00e7a relativamente aos dados pessoais que tenham acesso. S\u00e3o fornecidas a estas empresas apenas os dados pessoais necess\u00e1rios para a presta\u00e7\u00e3o do servi\u00e7o em causa.<\/p>\n<p>Os seus dados ser\u00e3o tratados dentro do espa\u00e7o da Uni\u00e3o Europeia.<strong>\u00a0<\/strong><\/p>\n<p>Os dados pessoais poder\u00e3o ainda ser partilhados com outras entidades de acordo com:<\/p>\n<ol>\n<li>Legisla\u00e7\u00e3o aplic\u00e1vel;<\/li>\n<li>Cumprimento de obriga\u00e7\u00f5es legais;<\/li>\n<li>Resposta a pedidos de autoridades p\u00fablicas e governamentais.<\/li>\n<\/ol>\n<p><strong>Quais s\u00e3o os meus direitos?<\/strong><\/p>\n<p>A <em>Sweet Food &amp; Health, SA<\/em> garante os direitos dos clientes e utilizadores, enquanto titulares dos dados, tais como:<\/p>\n<ol>\n<li>Acesso aos dados pessoais e \u00e0 informa\u00e7\u00e3o que temos sobre si;<\/li>\n<li>Retifica\u00e7\u00e3o da informa\u00e7\u00e3o, caso esteja incorreta ou incompleta;<\/li>\n<li>Direito de oposi\u00e7\u00e3o ao tratamento de dados pessoais;<\/li>\n<li>Direito a ser esquecido\/apagar ou limitar o tratamento dos seus dados pessoais;<\/li>\n<li>Portabilidade dos seus dados, ou seja, se o tratamento depender do seu consentimento ou acordo e esse for efetuado por meios automatizados, tem direito ao envio dos dados pessoais anteriormente fornecidos, de forma estruturada, comummente utilizada e num formato informaticamente leg\u00edvel.<\/li>\n<\/ol>\n<p>Qualquer pedido dever\u00e1 ser feito por escrito para o seguinte endere\u00e7o de email:<\/p>\n<p><a href=\"mailto:privacidade@enfis.pt\">privacidade@enfis.pt<\/a><\/p>\n<p>O Cliente poder\u00e1 obter confirma\u00e7\u00e3o de que os dados pessoais que lhe dizem respeito s\u00e3o objeto de tratamento, sendo-lhe disponibilizada, caso requeira, uma c\u00f3pia dos dados em tratamento.<\/p>\n<p>Os seus pedidos ser\u00e3o tratados com especial cuidado de forma, a que possamos assegurar a efic\u00e1cia dos seus direitos. Poder\u00e1 ser-lhe pedido que fa\u00e7a prova da sua identidade de modo a assegurar que a partilha dos dados pessoais \u00e9 apenas feita com o seu titular.<\/p>\n<p>Deve ter presente que em certos casos (por exemplo, devido a requisitos legais) o seu pedido poder\u00e1 n\u00e3o ser imediatamente satisfeito.<\/p>\n<p>De qualquer modo, ser\u00e1 informado das medidas tomadas nesse sentido, no prazo m\u00e1ximo de um m\u00eas a partir do momento em que o pedido for efetuado.<\/p>\n<p>Nos termos da lei, \u00e9 ainda garantido ao Cliente o direito de, atrav\u00e9s dos referidos meios, sem quaisquer custos ou consequ\u00eancias, retirar a qualquer momento o seu consentimento para o tratamento dos dados para as finalidades indicadas, sempre que o tratamento seja efetuado com base no consentimento. O exerc\u00edcio deste direito n\u00e3o invalida o tratamento efetuado at\u00e9 essa data com base no consentimento previamente dado.<\/p>\n<p>O Cliente tem ainda o direito de apresentar uma reclama\u00e7\u00e3o \u00e0\u00a0<a href=\"https:\/\/www.cnpd.pt\/\">Comiss\u00e3o Nacional de Prote\u00e7\u00e3o de Dados<\/a>.<\/p>\n<p><strong>Posso revogar o meu consentimento posteriormente?<\/strong><\/p>\n<p>Se o consentimento for legalmente necess\u00e1rio para o tratamento de dados pessoais, o titular dos dados tem o direito de retirar consentimento em qualquer altura, embora esse direito n\u00e3o comprometa a licitude do tratamento efetuado com base no consentimento previamente dado nem o tratamento posterior dos mesmos dados, baseado noutra base legal, como \u00e9 o caso do cumprimento do contrato ou da obriga\u00e7\u00e3o legal a que a <em>Sweet Food &amp; Health, SA<\/em> esteja sujeito.<\/p>\n<p><strong>Qua o Prazo de Conserva\u00e7\u00e3o de Dados?<\/strong><\/p>\n<p>Os seus dados ser\u00e3o conservados durante os prazos de conserva\u00e7\u00e3o supramencionados e apenas durante o per\u00edodo de tempo necess\u00e1rio ou para o cumprimento de obriga\u00e7\u00f5es legais.<\/p>\n<p><strong>A <em>Sweet Food &amp; Health, SA<\/em> usa cookies e tecnologia semelhante?<\/strong><\/p>\n<p>A <em>Sweet Food &amp; Health, SA<\/em> n\u00e3o utiliza qualquer pol\u00edtica de cookies, em virtude de todos os sites serem meramente informativos, n\u00e3o sendo solicitado ao utilizador dados pessoais, nem qualquer tipo de informa\u00e7\u00e3o sua identific\u00e1vel a n\u00edvel pessoal.<\/p>\n<p><strong>Tem alguma d\u00favida?<\/strong><\/p>\n<p>Se permanecer com alguma d\u00favida relativamente ao tratamento dos seus dados pessoais, ou pretender exercer algum dos seus direitos, por favor contacte-nos:<\/p>\n<ul>\n<li><strong>Por telefone<\/strong>: 243 377800<\/li>\n<li><strong>Por e-mail<\/strong>:\u00a0<a href=\"mailto:privacidade@enfis.pt\">privacidade@enfis.pt<\/a><\/li>\n<\/ul>\n<p><strong>Altera\u00e7\u00e3o da Pol\u00edtica de Privacidade<\/strong><\/p>\n<p>Casualmente e sempre que se mostre necess\u00e1rio, a <em>Sweet Food &amp; Health, SA<\/em> atualizar\u00e1 esta Pol\u00edtica de Privacidade, podendo os respetivos termos serem alterados a qualquer momento e sem aviso pr\u00e9vio. Solicitamos-lhe que reveja periodicamente este documento para se manter atualizado.<\/p>\n<p><em>\u00daltima atualiza\u00e7\u00e3o: 31 de mar\u00e7o de 2025<\/em><\/p>\n<p><strong>\u00a0<\/strong><\/p>\n","protected":false},"excerpt":{"rendered":"<p>O respeito pela privacidade dos clientes \u00e9 uma prioridade da Sweet Food &amp; Health, SA, o qual se obriga a assumir o cumprimento das obriga\u00e7\u00f5es aplic\u00e1veis no \u00e2mbito do Regulamento Geral da Prote\u00e7\u00e3o de Dados. Nesta Pol\u00edtica de Privacidade explicamos quem somos, para que finalidades podemos usar os seus dados, como \u00e9 feito o tratamento, [&hellip;]<\/p>\n","protected":false},"author":1,"featured_media":0,"parent":0,"menu_order":0,"comment_status":"closed","ping_status":"closed","template":"","meta":{"footnotes":""},"class_list":["post-2418","page","type-page","status-publish","hentry"],"_links":{"self":[{"href":"https:\/\/www.enfis.pt\/scapespa\/wp-json\/wp\/v2\/pages\/2418","targetHints":{"allow":["GET"]}}],"collection":[{"href":"https:\/\/www.enfis.pt\/scapespa\/wp-json\/wp\/v2\/pages"}],"about":[{"href":"https:\/\/www.enfis.pt\/scapespa\/wp-json\/wp\/v2\/types\/page"}],"author":[{"embeddable":true,"href":"https:\/\/www.enfis.pt\/scapespa\/wp-json\/wp\/v2\/users\/1"}],"replies":[{"embeddable":true,"href":"https:\/\/www.enfis.pt\/scapespa\/wp-json\/wp\/v2\/comments?post=2418"}],"version-history":[{"count":2,"href":"https:\/\/www.enfis.pt\/scapespa\/wp-json\/wp\/v2\/pages\/2418\/revisions"}],"predecessor-version":[{"id":3235,"href":"https:\/\/www.enfis.pt\/scapespa\/wp-json\/wp\/v2\/pages\/2418\/revisions\/3235"}],"wp:attachment":[{"href":"https:\/\/www.enfis.pt\/scapespa\/wp-json\/wp\/v2\/media?parent=2418"}],"curies":[{"name":"wp","href":"https:\/\/api.w.org\/{rel}","templated":true}]}}