{"id":1946,"date":"2015-04-12T19:55:49","date_gmt":"2015-04-12T19:55:49","guid":{"rendered":"http:\/\/localhost\/teste1\/?page_id=1946"},"modified":"2015-04-12T19:55:49","modified_gmt":"2015-04-12T19:55:49","slug":"tarifas","status":"publish","type":"page","link":"https:\/\/www.enfis.pt\/umu\/tarifas\/","title":{"rendered":"Tarifas"},"content":{"rendered":"<h4>Regular<\/h4>\n<ul>\n<li>Single 41\u20ac<\/li>\n<li>Duplo 51\u20ac<\/li>\n<\/ul>\n<h4>Remodelado<\/h4>\n<ul>\n<li>Single 49\u20ac<\/li>\n<li>Duplo 59\u20ac<\/li>\n<\/ul>\n<p>&nbsp;<\/p>\n<p>Pre\u00e7os m\u00e9dios e indicativos que poder\u00e3o ser alterados, sem aviso pr\u00e9vio, dependendo da ocupa\u00e7\u00e3o e da temporada.<\/p>\n<p>&nbsp;\t\t<\/p>\n","protected":false},"excerpt":{"rendered":"<p>Regular Single 41\u20ac Duplo 51\u20ac Remodelado Single 49\u20ac Duplo 59\u20ac &nbsp; Pre\u00e7os m\u00e9dios e indicativos que poder\u00e3o ser alterados, sem aviso pr\u00e9vio, dependendo da ocupa\u00e7\u00e3o e da temporada. &nbsp;<\/p>\n","protected":false},"author":1,"featured_media":0,"parent":0,"menu_order":0,"comment_status":"open","ping_status":"closed","template":"page-tarifas.php","meta":{"footnotes":""},"class_list":["post-1946","page","type-page","status-publish","hentry"],"_links":{"self":[{"href":"https:\/\/www.enfis.pt\/umu\/wp-json\/wp\/v2\/pages\/1946","targetHints":{"allow":["GET"]}}],"collection":[{"href":"https:\/\/www.enfis.pt\/umu\/wp-json\/wp\/v2\/pages"}],"about":[{"href":"https:\/\/www.enfis.pt\/umu\/wp-json\/wp\/v2\/types\/page"}],"author":[{"embeddable":true,"href":"https:\/\/www.enfis.pt\/umu\/wp-json\/wp\/v2\/users\/1"}],"replies":[{"embeddable":true,"href":"https:\/\/www.enfis.pt\/umu\/wp-json\/wp\/v2\/comments?post=1946"}],"version-history":[{"count":0,"href":"https:\/\/www.enfis.pt\/umu\/wp-json\/wp\/v2\/pages\/1946\/revisions"}],"wp:attachment":[{"href":"https:\/\/www.enfis.pt\/umu\/wp-json\/wp\/v2\/media?parent=1946"}],"curies":[{"name":"wp","href":"https:\/\/api.w.org\/{rel}","templated":true}]}}