{"id":22,"date":"2015-03-24T14:39:28","date_gmt":"2015-03-24T14:39:28","guid":{"rendered":"http:\/\/www.premiosmarketingribatejo.com\/?page_id=22"},"modified":"2023-09-20T16:57:30","modified_gmt":"2023-09-20T16:57:30","slug":"creche","status":"publish","type":"page","link":"https:\/\/www.enfis.pt\/valledosprincipes\/creche\/","title":{"rendered":"Creche"},"content":{"rendered":"<p>_ Diretora Pedag\u00f3gica &#8211; Am\u00e9lia Nogueira<\/p>\n<p>_ Ber\u00e7\u00e1rio<\/p>\n<p>Am\u00e9lia Nogueira<\/p>\n<p>_ Sala do 1 ano<\/p>\n<p>Ros\u00e9lia Silva<\/p>\n<p>_ Sala dos 2 anos<\/p>\n<p>Marta Monge<\/p>\n<p><strong>Atendimento Creche<\/strong><\/p>\n<p>1 ano &#8211; ter\u00e7as-feiras das 10H30 \u00e0s 11H00<\/p>\n<p>2 anos &#8211; Quartas-feiras das 10H30 \u00e0s 11H00<\/p>\n","protected":false},"excerpt":{"rendered":"<p>_ Diretora Pedag\u00f3gica &#8211; Am\u00e9lia Nogueira _ Ber\u00e7\u00e1rio Am\u00e9lia Nogueira _ Sala do 1 ano Ros\u00e9lia Silva _ Sala dos 2 anos Marta Monge Atendimento Creche 1 ano &#8211; ter\u00e7as-feiras das 10H30 \u00e0s 11H00 2 anos &#8211; Quartas-feiras das 10H30 \u00e0s 11H00<\/p>\n","protected":false},"author":1,"featured_media":0,"parent":0,"menu_order":0,"comment_status":"closed","ping_status":"closed","template":"page-creche.php","meta":{"footnotes":""},"class_list":["post-22","page","type-page","status-publish","hentry"],"_links":{"self":[{"href":"https:\/\/www.enfis.pt\/valledosprincipes\/wp-json\/wp\/v2\/pages\/22","targetHints":{"allow":["GET"]}}],"collection":[{"href":"https:\/\/www.enfis.pt\/valledosprincipes\/wp-json\/wp\/v2\/pages"}],"about":[{"href":"https:\/\/www.enfis.pt\/valledosprincipes\/wp-json\/wp\/v2\/types\/page"}],"author":[{"embeddable":true,"href":"https:\/\/www.enfis.pt\/valledosprincipes\/wp-json\/wp\/v2\/users\/1"}],"replies":[{"embeddable":true,"href":"https:\/\/www.enfis.pt\/valledosprincipes\/wp-json\/wp\/v2\/comments?post=22"}],"version-history":[{"count":5,"href":"https:\/\/www.enfis.pt\/valledosprincipes\/wp-json\/wp\/v2\/pages\/22\/revisions"}],"predecessor-version":[{"id":3096,"href":"https:\/\/www.enfis.pt\/valledosprincipes\/wp-json\/wp\/v2\/pages\/22\/revisions\/3096"}],"wp:attachment":[{"href":"https:\/\/www.enfis.pt\/valledosprincipes\/wp-json\/wp\/v2\/media?parent=22"}],"curies":[{"name":"wp","href":"https:\/\/api.w.org\/{rel}","templated":true}]}}