{"id":29,"date":"2015-03-24T14:43:31","date_gmt":"2015-03-24T14:43:31","guid":{"rendered":"http:\/\/www.premiosmarketingribatejo.com\/?page_id=29"},"modified":"2025-01-13T15:59:58","modified_gmt":"2025-01-13T15:59:58","slug":"atl","status":"publish","type":"page","link":"https:\/\/www.enfis.pt\/valledosprincipes\/atl\/","title":{"rendered":"ATL"},"content":{"rendered":"<p>Cl\u00e1udia Santos<\/p>\n<p>Juliana Joaquim<\/p>\n<p>_ ATL 1\u00ba Ciclo<\/p>\n<p>&#8211; apoio na execu\u00e7\u00e3o do t.p.c., lanche, nata\u00e7\u00e3o, ingl\u00eas e transporte (escola &#8211; VP)<\/p>\n<p>_ ATL 2\u00ba Ciclo<\/p>\n<p>&#8211; apoio na execu\u00e7\u00e3o do t.p.c., lanche e transporte (escola &#8211; VP)<\/p>\n","protected":false},"excerpt":{"rendered":"<p>Cl\u00e1udia Santos Juliana Joaquim _ ATL 1\u00ba Ciclo &#8211; apoio na execu\u00e7\u00e3o do t.p.c., lanche, nata\u00e7\u00e3o, ingl\u00eas e transporte (escola &#8211; VP) _ ATL 2\u00ba Ciclo &#8211; apoio na execu\u00e7\u00e3o do t.p.c., lanche e transporte (escola &#8211; VP)<\/p>\n","protected":false},"author":1,"featured_media":0,"parent":0,"menu_order":0,"comment_status":"closed","ping_status":"closed","template":"page-atl.php","meta":{"footnotes":""},"class_list":["post-29","page","type-page","status-publish","hentry"],"_links":{"self":[{"href":"https:\/\/www.enfis.pt\/valledosprincipes\/wp-json\/wp\/v2\/pages\/29","targetHints":{"allow":["GET"]}}],"collection":[{"href":"https:\/\/www.enfis.pt\/valledosprincipes\/wp-json\/wp\/v2\/pages"}],"about":[{"href":"https:\/\/www.enfis.pt\/valledosprincipes\/wp-json\/wp\/v2\/types\/page"}],"author":[{"embeddable":true,"href":"https:\/\/www.enfis.pt\/valledosprincipes\/wp-json\/wp\/v2\/users\/1"}],"replies":[{"embeddable":true,"href":"https:\/\/www.enfis.pt\/valledosprincipes\/wp-json\/wp\/v2\/comments?post=29"}],"version-history":[{"count":4,"href":"https:\/\/www.enfis.pt\/valledosprincipes\/wp-json\/wp\/v2\/pages\/29\/revisions"}],"predecessor-version":[{"id":3181,"href":"https:\/\/www.enfis.pt\/valledosprincipes\/wp-json\/wp\/v2\/pages\/29\/revisions\/3181"}],"wp:attachment":[{"href":"https:\/\/www.enfis.pt\/valledosprincipes\/wp-json\/wp\/v2\/media?parent=29"}],"curies":[{"name":"wp","href":"https:\/\/api.w.org\/{rel}","templated":true}]}}