{"id":40,"date":"2015-03-24T14:30:55","date_gmt":"2015-03-24T14:30:55","guid":{"rendered":"http:\/\/www.visitefatima.com\/?page_id=40"},"modified":"2015-03-24T14:30:55","modified_gmt":"2015-03-24T14:30:55","slug":"servicos","status":"publish","type":"page","link":"https:\/\/www.enfis.pt\/valledosreis\/servicos\/","title":{"rendered":"Servi\u00e7os"},"content":{"rendered":"<p>\t\t\t\tNo Valle dos Reis as prefer\u00eancias e necessidades individuais de cada residente v\u00e3o ser respeitadas. A viver no seu espa\u00e7o pr\u00f3prio, o residente poder\u00e1 receber a visita regular dos seus amigos e familiares num ambiente de conforto e comodidade, sem hor\u00e1rios pr\u00e9-estabelecidos.<\/p>\n<h3>Recep\u00e7\u00e3o com apoio de secretariado<\/h3>\n<p>O nosso servi\u00e7o de recep\u00e7\u00e3o estar\u00e1 dispon\u00edvel para o apoiar em servi\u00e7os complementares tais como: marca\u00e7\u00e3o de cabeleireiro \/ barbeiro, marca\u00e7\u00e3o de servi\u00e7os de beleza e est\u00e9tica no scape, marca\u00e7\u00e3o de bilhetes para espect\u00e1culos, apoio no envio de correio pessoal, lembran\u00e7a de anivers\u00e1rios, acesso \u00e0 Internet, entre outros. Para sua seguran\u00e7a, a recep\u00e7\u00e3o far\u00e1 tamb\u00e9m o registo de todas as entradas e sa\u00eddas dos residentes.<\/p>\n<h3>Vigil\u00e2ncia 24h<\/h3>\n<p>Todos os quartos e casas de banho est\u00e3o equipados com sistema de chamada de emerg\u00eancia. Ser\u00e1 tamb\u00e9m assegurada a perman\u00eancia de pessoal auxiliar para vigil\u00e2ncia nocturna.<\/p>\n<h3>Restaurante<\/h3>\n<p>A hora da refei\u00e7\u00e3o \u00e9 uma hora privilegiada para o conv\u00edvio entre residentes. Para o conforto de todos, o almo\u00e7o e o jantar s\u00e3o servidos \u00e0 mesa. Poder\u00e1 sempre que quiser, convidar os seus amigos e familiares a juntarem-se num destes momentos.<\/p>\n<h3>Cabeleireiro<\/h3>\n<p>Est\u00e1 dispon\u00edvel o servi\u00e7o de cabeleireiro. Na recep\u00e7\u00e3o do Valle dos Reis ter\u00e1 todas as informa\u00e7\u00f5es dispon\u00edveis e poder\u00e1 fazer as suas marca\u00e7\u00f5es.<\/p>\n<h3>Scape, Health &amp; Medical Spa<\/h3>\n<p>Scape \u00e9 o Health Club &amp; Spa do Villa Rosa Residence. Na recep\u00e7\u00e3o do Valle dos Reis encontrar\u00e1 todas as informa\u00e7\u00f5es dispon\u00edveis e poder\u00e1 fazer as suas marca\u00e7\u00f5es.\u00a0 <a title=\"http:\/\/www.scapebyenfis.com\/\" href=\"http:\/\/www.scapebyenfis.com\/\" target=\"_blank\" rel=\"noopener noreferrer\">Site oficial Scape<\/a>.<\/p>\n<h3>Dom\u00e9sticos<\/h3>\n<p>Limpeza e arruma\u00e7\u00e3o di\u00e1ria dos quartos e suites<\/p>\n<h3>Lavandaria (tratamento da roupa de cama, turcos e roupa interior)<\/h3>\n<p>Mudan\u00e7a das roupas de cama e dos turcos mediante a necessidade de cada residente (m\u00ednimo uma vez por semana). Toda a roupa pessoal, a pedido do residente poder\u00e1 ser tratada na lavandaria.<\/p>\n<h2>Sa\u00fade<\/h2>\n<h3>Servi\u00e7o M\u00e9dico e Enfermagem<\/h3>\n<p>Servi\u00e7o de enfermagem di\u00e1rio. Visita de um m\u00e9dico uma vez por semana, que observar\u00e1 os residentes que previamente tiverem requisitado consulta. Para al\u00e9m desta visita semanal, sempre que o solicite, o residente receber\u00e1 apoio m\u00e9dico.<\/p>\n<h3>Plano individual de cuidados<\/h3>\n<p>Para cada residente ser\u00e1 elaborado um plano individual de cuidados onde estar\u00e3o identificadas as suas principais necessidades e prefer\u00eancias, bem como a especifica\u00e7\u00e3o da sua medica\u00e7\u00e3o. Quando necess\u00e1rio a medica\u00e7\u00e3o passar\u00e1 a cargo do pessoal t\u00e9cnico.<\/p>\n<h3>Apoio nos cuidados b\u00e1sicos de higiene pessoal e outros, sempre que necess\u00e1rio<\/h3>\n<p>Todos os pisos do Valle dos Reis t\u00eam uma casa de banho preparada para banho assistido. A equipa do Valle dos Reis ter\u00e1 a forma\u00e7\u00e3o adequada para o poder acompanhar em tarefas que se possam vir a tornar-se dif\u00edceis de realizar sozinho\t\t<\/p>\n","protected":false},"excerpt":{"rendered":"<p>No Valle dos Reis as prefer\u00eancias e necessidades individuais de cada residente v\u00e3o ser respeitadas. A viver no seu espa\u00e7o pr\u00f3prio, o residente poder\u00e1 receber a visita regular dos seus amigos e familiares num ambiente de conforto e comodidade, sem hor\u00e1rios pr\u00e9-estabelecidos. Recep\u00e7\u00e3o com apoio de secretariado O nosso servi\u00e7o de recep\u00e7\u00e3o estar\u00e1 dispon\u00edvel para [&hellip;]<\/p>\n","protected":false},"author":1,"featured_media":0,"parent":0,"menu_order":0,"comment_status":"open","ping_status":"open","template":"","meta":{"footnotes":""},"class_list":["post-40","page","type-page","status-publish","hentry"],"_links":{"self":[{"href":"https:\/\/www.enfis.pt\/valledosreis\/wp-json\/wp\/v2\/pages\/40","targetHints":{"allow":["GET"]}}],"collection":[{"href":"https:\/\/www.enfis.pt\/valledosreis\/wp-json\/wp\/v2\/pages"}],"about":[{"href":"https:\/\/www.enfis.pt\/valledosreis\/wp-json\/wp\/v2\/types\/page"}],"author":[{"embeddable":true,"href":"https:\/\/www.enfis.pt\/valledosreis\/wp-json\/wp\/v2\/users\/1"}],"replies":[{"embeddable":true,"href":"https:\/\/www.enfis.pt\/valledosreis\/wp-json\/wp\/v2\/comments?post=40"}],"version-history":[{"count":0,"href":"https:\/\/www.enfis.pt\/valledosreis\/wp-json\/wp\/v2\/pages\/40\/revisions"}],"wp:attachment":[{"href":"https:\/\/www.enfis.pt\/valledosreis\/wp-json\/wp\/v2\/media?parent=40"}],"curies":[{"name":"wp","href":"https:\/\/api.w.org\/{rel}","templated":true}]}}