{"id":11,"date":"2015-05-16T17:23:19","date_gmt":"2015-05-16T17:23:19","guid":{"rendered":"http:\/\/www.valledosreis.com\/fr\/?page_id=11"},"modified":"2015-05-16T17:23:19","modified_gmt":"2015-05-16T17:23:19","slug":"activites-et-evenements","status":"publish","type":"page","link":"https:\/\/www.enfis.pt\/valledosreisfr\/activites-et-evenements\/","title":{"rendered":"ACTIVIT\u00c9S ET \u00c9V\u00c9NEMENTS"},"content":{"rendered":"<p>\t\t\t\tDates festives seront c\u00e9l\u00e9br\u00e9s comme le jour de la ville en Mars, les Saints populaires en Juin, Saint-Martin en Novembre, entre autres. Les r\u00e9sidents peuvent aussi c\u00e9l\u00e9brer leur f\u00eate d&#8217;anniversaire \u00e0 la Vall\u00e9e des Rois et invitez vos amis et votre famille.<\/p>\n<h3>Voyages \u00e0 l&#8217;\u00e9tranger<\/h3>\n<p>Le d\u00e9partement d&#8217;animation sera responsable d&#8217;organiser diverses visites, qui peuvent aller d&#8217;un voyage au th\u00e9\u00e2tre de Lisbonne, pour une visite d&#8217;une journ\u00e9e compl\u00e8te avec une visite guid\u00e9e dans l&#8217;une des belles villes du Portugal.<\/p>\n<h3>Les Activit\u00e9s<\/h3>\n<p>Le but de la Vall\u00e9e des Rois est de fournir \u00e0 ses utilisateurs un mode de vie o\u00f9 ils peuvent mener des activit\u00e9s qui avaient auparavant pas de disponibilit\u00e9, d\u00e9couvrez les joies, partager des exp\u00e9riences. Avec un plan d&#8217;animation tous les jours dans la Vall\u00e9e des Rois sera facilement se sentir int\u00e9gr\u00e9 et avec des jours remplis.<\/p>\n<p>Nous savons qu&#8217;il est important pour les r\u00e9sidents de maintenir une relation \u00e9troite avec votre famille et vos amis. Certaines activit\u00e9s pourront les inviter \u00e0 boire, et peuvent profiter de l&#8217;espace et le confort de votre nouvelle maison.\t\t<\/p>\n","protected":false},"excerpt":{"rendered":"<p>Dates festives seront c\u00e9l\u00e9br\u00e9s comme le jour de la ville en Mars, les Saints populaires en Juin, Saint-Martin en Novembre, entre autres. Les r\u00e9sidents peuvent aussi c\u00e9l\u00e9brer leur f\u00eate d&#8217;anniversaire \u00e0 la Vall\u00e9e des Rois et invitez vos amis et votre famille. Voyages \u00e0 l&#8217;\u00e9tranger Le d\u00e9partement d&#8217;animation sera responsable d&#8217;organiser diverses visites, qui peuvent [&hellip;]<\/p>\n","protected":false},"author":1,"featured_media":0,"parent":0,"menu_order":0,"comment_status":"open","ping_status":"closed","template":"","meta":{"footnotes":""},"class_list":["post-11","page","type-page","status-publish","hentry"],"_links":{"self":[{"href":"https:\/\/www.enfis.pt\/valledosreisfr\/wp-json\/wp\/v2\/pages\/11","targetHints":{"allow":["GET"]}}],"collection":[{"href":"https:\/\/www.enfis.pt\/valledosreisfr\/wp-json\/wp\/v2\/pages"}],"about":[{"href":"https:\/\/www.enfis.pt\/valledosreisfr\/wp-json\/wp\/v2\/types\/page"}],"author":[{"embeddable":true,"href":"https:\/\/www.enfis.pt\/valledosreisfr\/wp-json\/wp\/v2\/users\/1"}],"replies":[{"embeddable":true,"href":"https:\/\/www.enfis.pt\/valledosreisfr\/wp-json\/wp\/v2\/comments?post=11"}],"version-history":[{"count":0,"href":"https:\/\/www.enfis.pt\/valledosreisfr\/wp-json\/wp\/v2\/pages\/11\/revisions"}],"wp:attachment":[{"href":"https:\/\/www.enfis.pt\/valledosreisfr\/wp-json\/wp\/v2\/media?parent=11"}],"curies":[{"name":"wp","href":"https:\/\/api.w.org\/{rel}","templated":true}]}}