{"id":24,"date":"2015-05-16T17:24:37","date_gmt":"2015-05-16T17:24:37","guid":{"rendered":"http:\/\/www.valledosreis.com\/fr\/?page_id=24"},"modified":"2015-05-16T17:24:37","modified_gmt":"2015-05-16T17:24:37","slug":"services","status":"publish","type":"page","link":"https:\/\/www.enfis.pt\/valledosreisfr\/services\/","title":{"rendered":"SERVICES"},"content":{"rendered":"<h3>Entretien<\/h3>\n<p>Dans la Vall\u00e9e des Rois les pr\u00e9f\u00e9rences et les besoins de chaque r\u00e9sident individuels seront respect\u00e9s. Vivre dans votre propre espace, le r\u00e9sident peut recevoir des visites r\u00e9guli\u00e8res de leurs amis et la famille dans un environnement confortable et de commodit\u00e9, sans temps pr\u00e9d\u00e9finis.<\/p>\n<h3>R\u00e9ception avec services de secr\u00e9tariat<\/h3>\n<p>Notre service d&#8217;accueil sera disponible pour le soutien des services suppl\u00e9mentaires tels que la coiffure de marquage \/ barbier, marquage des soins de beaut\u00e9 et l&#8217;esth\u00e9tique dans scape, marquant billets pour les spectacles, le soutien dans l&#8217;envoi de courrier personnel, rappel d&#8217;anniversaire, l&#8217;acc\u00e8s Internet, entre autres. Pour votre s\u00e9curit\u00e9, la r\u00e9ception fera \u00e9galement l&#8217;inscription de toutes les entr\u00e9es et sorties des r\u00e9sidents.<\/p>\n<h3>S\u00e9curit\u00e9 24 heures<\/h3>\n<p>Toutes les chambres et salles de bains sont \u00e9quip\u00e9es de syst\u00e8me d&#8217;appel d&#8217;urgence. Seront \u00e9galement fournis au personnel pour aider \u00e0 rester surveillance de nuit.<\/p>\n<h3>Le Restaurant<\/h3>\n<p>Repas est un moment privil\u00e9gi\u00e9 pour l&#8217;interaction entre les r\u00e9sidents. Pour le confort de tous, le d\u00e9jeuner et le d\u00eener sont servis \u00e0 la table. Vous pouvez quand vous le souhaitez, invitez vos amis et votre famille \u00e0 se joindre \u00e0 un de ces moments.<\/p>\n<h3>Salon De Coiffure<\/h3>\n<p>Est disponible le service de coiffure. Sur r\u00e9ception de la Vall\u00e9e des Rois aura toutes les informations disponibles et peuvent faire leurs marques.<\/p>\n<h3>Scape, Sant\u00e9 &amp; Medical Spa<\/h3>\n<p>Scape est le Health Club &amp; Spa \u00e0 la Villa Rosa Residence. Sur r\u00e9ception de la Vall\u00e9e des Rois trouverez toutes les informations disponibles et peuvent faire leurs marques.\u00a0 Site officiel Scape.<\/p>\n<h3>Au Foyer<\/h3>\n<p>Nettoyage et m\u00e9nage quotidien et suites<br \/>\nBlanchisserie (traitement de linge de lit, serviettes et sous-v\u00eatements)<\/p>\n<p>Changement de la literie et les Turcs par les besoins de chaque r\u00e9sident (minimum une fois par semaine). Tous les v\u00eatements personnels, \u00e0 la demande du r\u00e9sident peut \u00eatre trait\u00e9 dans la buanderie.<\/p>\n<h2>\u00c9tat De Sant\u00e9<\/h2>\n<h3>Service m\u00e9dical et soins infirmiers<\/h3>\n<p>Service de soins infirmiers Daily. Consulter un m\u00e9decin une fois par semaine, qui observent les r\u00e9sidents qui ont d\u00e9j\u00e0 demand\u00e9 des consultations. En plus de cette visite hebdomadaire, chaque fois que n\u00e9cessaire, le r\u00e9sident recevra un soutien m\u00e9dical.<\/p>\n<h3>Plan individuel de soins<\/h3>\n<p>Pour chaque r\u00e9sident sera \u00e9tabli un plan de soins individuel sera identifi\u00e9 o\u00f9 leurs principaux besoins et pr\u00e9f\u00e9rences ainsi que la sp\u00e9cification de votre m\u00e9dicament. Lorsque les m\u00e9dicaments n\u00e9cessaires seront pris en charge par le personnel technique.<\/p>\n<h3>Aide en soins primaires et d&#8217;autres soins personnels si n\u00e9cessaire<\/h3>\n<p>Toutes les \u00e9tages de la Vall\u00e9e des Rois ont une salle de bain pr\u00e9par\u00e9 pour la baignade assist\u00e9. L&#8217;\u00e9quipe Valle des Rois aura la formation ad\u00e9quate pour \u00eatre en mesure de surveiller les t\u00e2ches qui pourraient devenir difficile \u00e0 accomplir seul\t\t<\/p>\n","protected":false},"excerpt":{"rendered":"<p>Entretien Dans la Vall\u00e9e des Rois les pr\u00e9f\u00e9rences et les besoins de chaque r\u00e9sident individuels seront respect\u00e9s. Vivre dans votre propre espace, le r\u00e9sident peut recevoir des visites r\u00e9guli\u00e8res de leurs amis et la famille dans un environnement confortable et de commodit\u00e9, sans temps pr\u00e9d\u00e9finis. R\u00e9ception avec services de secr\u00e9tariat Notre service d&#8217;accueil sera disponible [&hellip;]<\/p>\n","protected":false},"author":1,"featured_media":0,"parent":0,"menu_order":0,"comment_status":"open","ping_status":"closed","template":"","meta":{"footnotes":""},"class_list":["post-24","page","type-page","status-publish","hentry"],"_links":{"self":[{"href":"https:\/\/www.enfis.pt\/valledosreisfr\/wp-json\/wp\/v2\/pages\/24","targetHints":{"allow":["GET"]}}],"collection":[{"href":"https:\/\/www.enfis.pt\/valledosreisfr\/wp-json\/wp\/v2\/pages"}],"about":[{"href":"https:\/\/www.enfis.pt\/valledosreisfr\/wp-json\/wp\/v2\/types\/page"}],"author":[{"embeddable":true,"href":"https:\/\/www.enfis.pt\/valledosreisfr\/wp-json\/wp\/v2\/users\/1"}],"replies":[{"embeddable":true,"href":"https:\/\/www.enfis.pt\/valledosreisfr\/wp-json\/wp\/v2\/comments?post=24"}],"version-history":[{"count":0,"href":"https:\/\/www.enfis.pt\/valledosreisfr\/wp-json\/wp\/v2\/pages\/24\/revisions"}],"wp:attachment":[{"href":"https:\/\/www.enfis.pt\/valledosreisfr\/wp-json\/wp\/v2\/media?parent=24"}],"curies":[{"name":"wp","href":"https:\/\/api.w.org\/{rel}","templated":true}]}}